{"id":45900,"date":"2016-09-28T11:10:47","date_gmt":"2016-09-28T11:10:47","guid":{"rendered":"https:\/\/www.bozluartproject.com\/\/duyurular\/"},"modified":"2022-05-20T18:11:40","modified_gmt":"2022-05-20T15:11:40","slug":"news","status":"publish","type":"page","link":"https:\/\/www.bozluartproject.com\/en\/news\/","title":{"rendered":"News"},"content":{"rendered":"<div class=\"wpb-content-wrapper\"><p>[vc_row][vc_column]<style type=\"text\/css\" data-type=\"the7_shortcodes-inline-css\">.blog-shortcode.blog-list-shortcode-id-564214f9ae09a6d6097a89e0b243c767.dividers-on.classic-layout-list article {\n  margin-top: 20px;\n  padding-top: 0;\n}\n.blog-shortcode.blog-list-shortcode-id-564214f9ae09a6d6097a89e0b243c767.dividers-on.classic-layout-list article:first-of-type {\n  margin-top: 0;\n  padding-top: 0;\n}\n.blog-shortcode.blog-list-shortcode-id-564214f9ae09a6d6097a89e0b243c767.classic-layout-list.mode-list .post-thumbnail-wrap {\n  width: 30%;\n}\n.blog-shortcode.blog-list-shortcode-id-564214f9ae09a6d6097a89e0b243c767.classic-layout-list.mode-list .post-entry-content {\n  width: calc(100% - 30%);\n}\n.blog-shortcode.blog-list-shortcode-id-564214f9ae09a6d6097a89e0b243c767.classic-layout-list.mode-list .no-img .post-entry-content {\n  width: 100%;\n}\n.blog-shortcode.blog-list-shortcode-id-564214f9ae09a6d6097a89e0b243c767 .filter-bg-decoration .filter-categories a.act {\n  color: #fff;\n}\n.blog-shortcode.blog-list-shortcode-id-564214f9ae09a6d6097a89e0b243c767:not(.mode-masonry) article {\n  margin-top: 20px;\n}\n.blog-shortcode.blog-list-shortcode-id-564214f9ae09a6d6097a89e0b243c767:not(.mode-masonry) article:first-of-type,\n.blog-shortcode.blog-list-shortcode-id-564214f9ae09a6d6097a89e0b243c767:not(.mode-masonry) article.visible.first:not(.product) {\n  margin-top: 0;\n}\n.blog-shortcode.blog-list-shortcode-id-564214f9ae09a6d6097a89e0b243c767.dividers-on:not(.mode-masonry) article {\n  margin-top: 0;\n  padding-top: 20px;\n}\n.blog-shortcode.blog-list-shortcode-id-564214f9ae09a6d6097a89e0b243c767.dividers-on:not(.mode-masonry) article:first-of-type,\n.blog-shortcode.blog-list-shortcode-id-564214f9ae09a6d6097a89e0b243c767.dividers-on:not(.mode-masonry) article.visible.first:not(.product) {\n  margin-top: 0;\n  padding-top: 0;\n}\n.blog-shortcode.blog-list-shortcode-id-564214f9ae09a6d6097a89e0b243c767 .post-thumbnail-wrap {\n  padding: 30px 0px 30px 30px;\n}\n.blog-shortcode.blog-list-shortcode-id-564214f9ae09a6d6097a89e0b243c767.enable-bg-rollover .post-thumbnail-rollover:after {\n  background: -webkit-linear-gradient();\n  background: linear-gradient();\n}\n.blog-shortcode.blog-list-shortcode-id-564214f9ae09a6d6097a89e0b243c767 .gallery-zoom-ico {\n  width: 44px;\n  height: 44px;\n  line-height: 44px;\n  border-radius: 100px;\n  margin: -22px 0 0 -22px;\n  border-width: 0px;\n  color: #ffffff;\n}\n.bottom-overlap-layout-list.blog-shortcode.blog-list-shortcode-id-564214f9ae09a6d6097a89e0b243c767 .gallery-zoom-ico {\n  margin-top: -22px;\n}\n.gradient-overlay-layout-list.blog-shortcode.blog-list-shortcode-id-564214f9ae09a6d6097a89e0b243c767 .gallery-zoom-ico,\n.content-rollover-layout-list.blog-shortcode.blog-list-shortcode-id-564214f9ae09a6d6097a89e0b243c767 .gallery-zoom-ico {\n  margin: 0 0 10px;\n}\n.content-align-center.gradient-overlay-layout-list.blog-shortcode.blog-list-shortcode-id-564214f9ae09a6d6097a89e0b243c767 .gallery-zoom-ico,\n.content-align-center.content-rollover-layout-list.blog-shortcode.blog-list-shortcode-id-564214f9ae09a6d6097a89e0b243c767 .gallery-zoom-ico {\n  margin: 0 auto 10px;\n}\n.dt-icon-bg-on.blog-shortcode.blog-list-shortcode-id-564214f9ae09a6d6097a89e0b243c767 .gallery-zoom-ico {\n  background: rgba(255,255,255,0.3);\n  box-shadow: none;\n}\n.blog-shortcode.blog-list-shortcode-id-564214f9ae09a6d6097a89e0b243c767 .gallery-zoom-ico > span,\n.blog-shortcode.blog-list-shortcode-id-564214f9ae09a6d6097a89e0b243c767 .gallery-zoom-ico:before {\n  font-size: 32px;\n  line-height: 44px;\n}\n.blog-shortcode.blog-list-shortcode-id-564214f9ae09a6d6097a89e0b243c767 .gallery-zoom-ico > span,\n.blog-shortcode.blog-list-shortcode-id-564214f9ae09a6d6097a89e0b243c767 .gallery-zoom-ico:before {\n  color: #ffffff;\n}\n.blog-shortcode.blog-list-shortcode-id-564214f9ae09a6d6097a89e0b243c767 .fancy-date a {\n  background: #ffffff;\n  box-shadow: none;\n}\n.blog-shortcode.blog-list-shortcode-id-564214f9ae09a6d6097a89e0b243c767 .fancy-date a * {\n  color: #2d2d2d;\n}\n.blog-shortcode.blog-list-shortcode-id-564214f9ae09a6d6097a89e0b243c767 .fancy-categories a {\n  color: #ffffff;\n  background: rgba(0,0,0,0.5);\n  box-shadow: none;\n}\n.blog-shortcode.blog-list-shortcode-id-564214f9ae09a6d6097a89e0b243c767 .entry-title,\n.blog-shortcode.blog-list-shortcode-id-564214f9ae09a6d6097a89e0b243c767.owl-carousel .entry-title {\n  margin-bottom: 7px;\n  font-weight: bold;\n}\n.blog-shortcode.blog-list-shortcode-id-564214f9ae09a6d6097a89e0b243c767 .entry-meta {\n  margin-bottom: 15px;\n}\n.blog-shortcode.blog-list-shortcode-id-564214f9ae09a6d6097a89e0b243c767 .portfolio-categories {\n  margin-bottom: 15px;\n}\n.blog-shortcode.blog-list-shortcode-id-564214f9ae09a6d6097a89e0b243c767 .entry-excerpt {\n  margin-bottom: 5px;\n}\n.blog-shortcode.blog-list-shortcode-id-564214f9ae09a6d6097a89e0b243c767:not(.centered-layout-list) .post-entry-content {\n  padding: 30px 30px 30px 30px;\n}\n.blog-shortcode.blog-list-shortcode-id-564214f9ae09a6d6097a89e0b243c767:not(.centered-layout-list):not(.content-bg-on):not(.mode-list) .no-img .post-entry-content {\n  padding: 0;\n}\n@media screen and (max-width: 768px) {\n  .blog-shortcode.blog-list-shortcode-id-564214f9ae09a6d6097a89e0b243c767 article {\n    -ms-flex-flow: column nowrap;\n    flex-flow: column nowrap;\n    margin-top: 20px;\n  }\n  .blog-shortcode.blog-list-shortcode-id-564214f9ae09a6d6097a89e0b243c767.dividers-on article {\n    border: none;\n  }\n  .blog-shortcode.blog-list-shortcode-id-564214f9ae09a6d6097a89e0b243c767.content-bg-on.centered-layout-list article {\n    padding: 0;\n  }\n  .blog-shortcode.blog-list-shortcode-id-564214f9ae09a6d6097a89e0b243c767.blog-shortcode.dividers-on article,\n  .blog-shortcode.blog-list-shortcode-id-564214f9ae09a6d6097a89e0b243c767.dividers-on.classic-layout-list article {\n    margin-top: 20px;\n    padding: 0;\n  }\n  .blog-shortcode.blog-list-shortcode-id-564214f9ae09a6d6097a89e0b243c767.blog-shortcode.dividers-on article:first-of-type,\n  .blog-shortcode.blog-list-shortcode-id-564214f9ae09a6d6097a89e0b243c767.dividers-on.classic-layout-list article:first-of-type {\n    padding: 0;\n  }\n  #page .blog-shortcode.blog-list-shortcode-id-564214f9ae09a6d6097a89e0b243c767 .post-thumbnail-wrap,\n  #page .blog-shortcode.blog-list-shortcode-id-564214f9ae09a6d6097a89e0b243c767 .post-entry-content {\n    width: 100%;\n    margin: 0;\n    top: 0;\n  }\n  #page .blog-shortcode.blog-list-shortcode-id-564214f9ae09a6d6097a89e0b243c767 .post-thumbnail-wrap {\n    padding: 0;\n  }\n  #page .blog-shortcode.blog-list-shortcode-id-564214f9ae09a6d6097a89e0b243c767 .post-entry-content:after {\n    display: none;\n  }\n  #page .blog-shortcode.blog-list-shortcode-id-564214f9ae09a6d6097a89e0b243c767 .project-even .post-thumbnail-wrap,\n  #page .blog-shortcode.blog-list-shortcode-id-564214f9ae09a6d6097a89e0b243c767.centered-layout-list .post-thumbnail-wrap {\n    -ms-flex-order: 0;\n    order: 0;\n  }\n  #page .blog-shortcode.blog-list-shortcode-id-564214f9ae09a6d6097a89e0b243c767.centered-layout-list .post-entry-title-content {\n    -ms-flex-order: 1;\n    order: 1;\n    width: 100%;\n    padding: 20px 20px 0;\n  }\n  #page .blog-shortcode.blog-list-shortcode-id-564214f9ae09a6d6097a89e0b243c767.centered-layout-list .post-entry-content {\n    -ms-flex-order: 2;\n    order: 2;\n    padding-top: 0;\n  }\n  #page .blog-shortcode.blog-list-shortcode-id-564214f9ae09a6d6097a89e0b243c767 .fancy-categories {\n    top: 10px;\n    left: 10px;\n    bottom: auto;\n    right: auto;\n  }\n  #page .blog-shortcode.blog-list-shortcode-id-564214f9ae09a6d6097a89e0b243c767 .fancy-date a {\n    top: 10px;\n    right: 10px;\n    left: auto;\n    bottom: auto;\n  }\n  #page .blog-shortcode.blog-list-shortcode-id-564214f9ae09a6d6097a89e0b243c767 .post-entry-content {\n    padding: 20px;\n  }\n  #page .blog-shortcode.blog-list-shortcode-id-564214f9ae09a6d6097a89e0b243c767 .entry-title {\n    margin: 3px 0 5px;\n    font-size: 20px;\n    line-height: 26px;\n  }\n  #page .blog-shortcode.blog-list-shortcode-id-564214f9ae09a6d6097a89e0b243c767 .entry-meta {\n    margin: 5px 0 5px;\n  }\n  #page .blog-shortcode.blog-list-shortcode-id-564214f9ae09a6d6097a89e0b243c767 .entry-excerpt {\n    margin: 15px 0 0;\n  }\n  #page .blog-shortcode.blog-list-shortcode-id-564214f9ae09a6d6097a89e0b243c767 .post-details {\n    margin: 5px 0 10px;\n  }\n  #page .blog-shortcode.blog-list-shortcode-id-564214f9ae09a6d6097a89e0b243c767 .post-details.details-type-link {\n    margin-bottom: 2px;\n  }\n}\n<\/style><div class=\"articles-list blog-shortcode mode-list blog-list-shortcode-id-564214f9ae09a6d6097a89e0b243c767 classic-layout-list content-bg-on dt-icon-bg-off loading-effect-fade-in\" data-cur-page=\"1\" data-post-limit=\"-1\" data-pagination-mode=\"pages\"><article class=\"post project-odd visible post-49857 type-post status-publish format-standard has-post-thumbnail hentry category-news category-4 description-off\" data-name=\"Artist Representation | Merve Zeybek\" data-date=\"2024-12-06T16:15:08+03:00\">\n\n<div class=\"post-thumbnail-wrap\">\n\t<div class=\"post-thumbnail\">\n\n\t\t\n\t\t<span class=\"fancy-categories\"><a href=\"https:\/\/www.bozluartproject.com\/en\/news\/\" rel=\"category tag\">News<\/a><\/span>\n\t\t<a href=\"https:\/\/www.bozluartproject.com\/en\/artist-representation-merve-zeybek\/\" class=\"post-thumbnail-rollover layzr-bg layzr-bg\" ><img class=\"lazy-load preload-me lazy-load\" src=\"data:image\/svg+xml,%3Csvg%20xmlns%3D&#39;http%3A%2F%2Fwww.w3.org%2F2000%2Fsvg&#39;%20viewBox%3D&#39;0%200%20768%20768&#39;%2F%3E\" data-src=\"https:\/\/www.bozluartproject.com\/wp-content\/uploads\/2024\/12\/merve-zeybek-temsiliyet-duyurusu-gorsel-3-scaled-768x768.jpg\" data-srcset=\"https:\/\/www.bozluartproject.com\/wp-content\/uploads\/2024\/12\/merve-zeybek-temsiliyet-duyurusu-gorsel-3-scaled-768x768.jpg 768w, https:\/\/www.bozluartproject.com\/wp-content\/uploads\/2024\/12\/merve-zeybek-temsiliyet-duyurusu-gorsel-3-scaled.jpg 1200w\" alt=\"\" title=\"Merve_Zeybek_Temsiliyet_Duyurusu_Gorsel\" width=\"768\" height=\"768\"  \/><\/a>\n\t<\/div>\n<\/div>\n\n\n<div class=\"post-entry-content\">\n\n\t<h3 class=\"entry-title\">\n\t\t<a href=\"https:\/\/www.bozluartproject.com\/en\/artist-representation-merve-zeybek\/\" title=\"Artist Representation | Merve Zeybek\" rel=\"bookmark\">Artist Representation | Merve Zeybek<\/a>\n\t<\/h3>\n\n\t<div class=\"entry-meta\"><span class=\"category-link\"><a href=\"https:\/\/www.bozluartproject.com\/en\/news\/\" >News<\/a><\/span><a href=\"https:\/\/www.bozluartproject.com\/en\/2024\/12\/06\/\" title=\"16:15\" class=\"data-link\" rel=\"bookmark\"><time class=\"entry-date updated\" datetime=\"2024-12-06T16:15:08+03:00\">6 December 2024<\/time><\/a><\/div>\n\t<div class=\"entry-excerpt\"><p>[vc_row][vc_column][\/vc_column][\/vc_row]<\/p>\n<\/div>\n\t\n<a href=\"https:\/\/www.bozluartproject.com\/en\/artist-representation-merve-zeybek\/\" class=\"post-details details-type-link\" aria-label=\"Read more about Artist Representation | Merve Zeybek\">Details<i class=\"dt-icon-the7-arrow-03\" aria-hidden=\"true\"><\/i><\/a>\n\n<\/div><\/article><article class=\"post project-odd visible post-49536 type-post status-publish format-standard has-post-thumbnail hentry category-news category-4 description-off\" data-name=\"&#8220;A Painting of My Face: Artist Ateliers and Self-Portraits from the Dr. \u015e\u00fckr\u00fc Bozluolcay Collection&#8221; extended until September 2, 2023!\" data-date=\"2023-08-17T13:17:25+03:00\">\n\n<div class=\"post-thumbnail-wrap\">\n\t<div class=\"post-thumbnail\">\n\n\t\t\n\t\t<span class=\"fancy-categories\"><a href=\"https:\/\/www.bozluartproject.com\/en\/news\/\" rel=\"category tag\">News<\/a><\/span>\n\t\t<a href=\"https:\/\/www.bozluartproject.com\/en\/the-exhibition-named-a-painting-of-my-face-artist-ateliers-and-self-portraits-from-the-dr-sukru-bozluolcay-collection-extended-until-september-2-2023\/\" class=\"post-thumbnail-rollover layzr-bg layzr-bg\" ><img class=\"lazy-load preload-me lazy-load\" src=\"data:image\/svg+xml,%3Csvg%20xmlns%3D&#39;http%3A%2F%2Fwww.w3.org%2F2000%2Fsvg&#39;%20viewBox%3D&#39;0%200%20768%20768&#39;%2F%3E\" data-src=\"https:\/\/www.bozluartproject.com\/wp-content\/uploads\/2023\/08\/web-icin-1-768x768.png\" data-srcset=\"https:\/\/www.bozluartproject.com\/wp-content\/uploads\/2023\/08\/web-icin-1-768x768.png 768w, https:\/\/www.bozluartproject.com\/wp-content\/uploads\/2023\/08\/web-icin-1.png 1200w\" alt=\"\" title=\"web i\u00e7in\" width=\"768\" height=\"768\"  \/><\/a>\n\t<\/div>\n<\/div>\n\n\n<div class=\"post-entry-content\">\n\n\t<h3 class=\"entry-title\">\n\t\t<a href=\"https:\/\/www.bozluartproject.com\/en\/the-exhibition-named-a-painting-of-my-face-artist-ateliers-and-self-portraits-from-the-dr-sukru-bozluolcay-collection-extended-until-september-2-2023\/\" title=\"&#8220;A Painting of My Face: Artist Ateliers and Self-Portraits from the Dr. \u015e\u00fckr\u00fc Bozluolcay Collection&#8221; extended until September 2, 2023!\" rel=\"bookmark\">&#8220;A Painting of My Face: Artist Ateliers and Self-Portraits from the Dr. \u015e\u00fckr\u00fc Bozluolcay Collection&#8221; extended until September 2, 2023!<\/a>\n\t<\/h3>\n\n\t<div class=\"entry-meta\"><span class=\"category-link\"><a href=\"https:\/\/www.bozluartproject.com\/en\/news\/\" >News<\/a><\/span><a href=\"https:\/\/www.bozluartproject.com\/en\/2023\/08\/17\/\" title=\"13:17\" class=\"data-link\" rel=\"bookmark\"><time class=\"entry-date updated\" datetime=\"2023-08-17T13:17:25+03:00\">17 August 2023<\/time><\/a><\/div>\n\t<div class=\"entry-excerpt\"><p>[vc_row][vc_column][\/vc_column][\/vc_row]<\/p>\n<\/div>\n\t\n<a href=\"https:\/\/www.bozluartproject.com\/en\/the-exhibition-named-a-painting-of-my-face-artist-ateliers-and-self-portraits-from-the-dr-sukru-bozluolcay-collection-extended-until-september-2-2023\/\" class=\"post-details details-type-link\" aria-label=\"Read more about &#8220;A Painting of My Face: Artist Ateliers and Self-Portraits from the Dr. \u015e\u00fckr\u00fc Bozluolcay Collection&#8221; extended until September 2, 2023!\">Details<i class=\"dt-icon-the7-arrow-03\" aria-hidden=\"true\"><\/i><\/a>\n\n<\/div><\/article><article class=\"post project-odd visible post-49530 type-post status-publish format-standard has-post-thumbnail hentry category-news category-4 description-off\" data-name=\"&#8220;A Painting of My Face: Artist Ateliers and Self-Portraits from the Dr. \u015e\u00fckr\u00fc Bozluolcay Collection&#8221; has opened to visitors!\" data-date=\"2023-08-17T13:14:46+03:00\">\n\n<div class=\"post-thumbnail-wrap\">\n\t<div class=\"post-thumbnail\">\n\n\t\t\n\t\t<span class=\"fancy-categories\"><a href=\"https:\/\/www.bozluartproject.com\/en\/news\/\" rel=\"category tag\">News<\/a><\/span>\n\t\t<a href=\"https:\/\/www.bozluartproject.com\/en\/ci-bloom-2023-2\/\" class=\"post-thumbnail-rollover layzr-bg layzr-bg\" ><img class=\"lazy-load preload-me lazy-load\" src=\"data:image\/svg+xml,%3Csvg%20xmlns%3D&#39;http%3A%2F%2Fwww.w3.org%2F2000%2Fsvg&#39;%20viewBox%3D&#39;0%200%20768%20768&#39;%2F%3E\" data-src=\"https:\/\/www.bozluartproject.com\/wp-content\/uploads\/2023\/08\/sosyalmedya-yeni-scaled-768x768.jpg\" data-srcset=\"https:\/\/www.bozluartproject.com\/wp-content\/uploads\/2023\/08\/sosyalmedya-yeni-scaled-768x768.jpg 768w, https:\/\/www.bozluartproject.com\/wp-content\/uploads\/2023\/08\/sosyalmedya-yeni-scaled-1065x1065.jpg 1065w\" alt=\"\" title=\"SOSYALMEDYA_YENI\" width=\"768\" height=\"768\"  \/><\/a>\n\t<\/div>\n<\/div>\n\n\n<div class=\"post-entry-content\">\n\n\t<h3 class=\"entry-title\">\n\t\t<a href=\"https:\/\/www.bozluartproject.com\/en\/ci-bloom-2023-2\/\" title=\"&#8220;A Painting of My Face: Artist Ateliers and Self-Portraits from the Dr. \u015e\u00fckr\u00fc Bozluolcay Collection&#8221; has opened to visitors!\" rel=\"bookmark\">&#8220;A Painting of My Face: Artist Ateliers and Self-Portraits from the Dr. \u015e\u00fckr\u00fc Bozluolcay Collection&#8221; has opened to visitors!<\/a>\n\t<\/h3>\n\n\t<div class=\"entry-meta\"><span class=\"category-link\"><a href=\"https:\/\/www.bozluartproject.com\/en\/news\/\" >News<\/a><\/span><a href=\"https:\/\/www.bozluartproject.com\/en\/2023\/08\/17\/\" title=\"13:14\" class=\"data-link\" rel=\"bookmark\"><time class=\"entry-date updated\" datetime=\"2023-08-17T13:14:46+03:00\">17 August 2023<\/time><\/a><\/div>\n\t<div class=\"entry-excerpt\"><p>[vc_row][vc_column][\/vc_column][\/vc_row]<\/p>\n<\/div>\n\t\n<a href=\"https:\/\/www.bozluartproject.com\/en\/ci-bloom-2023-2\/\" class=\"post-details details-type-link\" aria-label=\"Read more about &#8220;A Painting of My Face: Artist Ateliers and Self-Portraits from the Dr. \u015e\u00fckr\u00fc Bozluolcay Collection&#8221; has opened to visitors!\">Details<i class=\"dt-icon-the7-arrow-03\" aria-hidden=\"true\"><\/i><\/a>\n\n<\/div><\/article><article class=\"post project-odd visible post-49526 type-post status-publish format-standard has-post-thumbnail hentry category-news category-4 description-off\" data-name=\"CI BLOOM 2023\" data-date=\"2023-08-17T13:08:46+03:00\">\n\n<div class=\"post-thumbnail-wrap\">\n\t<div class=\"post-thumbnail\">\n\n\t\t\n\t\t<span class=\"fancy-categories\"><a href=\"https:\/\/www.bozluartproject.com\/en\/news\/\" rel=\"category tag\">News<\/a><\/span>\n\t\t<a href=\"https:\/\/www.bozluartproject.com\/en\/ci-bloom-2023\/\" class=\"post-thumbnail-rollover layzr-bg layzr-bg\" ><img class=\"lazy-load preload-me lazy-load\" src=\"data:image\/svg+xml,%3Csvg%20xmlns%3D&#39;http%3A%2F%2Fwww.w3.org%2F2000%2Fsvg&#39;%20viewBox%3D&#39;0%200%20768%20768&#39;%2F%3E\" data-src=\"https:\/\/www.bozluartproject.com\/wp-content\/uploads\/2023\/08\/ci-bloom-768x768.png\" data-srcset=\"https:\/\/www.bozluartproject.com\/wp-content\/uploads\/2023\/08\/ci-bloom-768x768.png 768w, https:\/\/www.bozluartproject.com\/wp-content\/uploads\/2023\/08\/ci-bloom.png 1080w\" alt=\"\" title=\"CI BLOOM\" width=\"768\" height=\"768\"  \/><\/a>\n\t<\/div>\n<\/div>\n\n\n<div class=\"post-entry-content\">\n\n\t<h3 class=\"entry-title\">\n\t\t<a href=\"https:\/\/www.bozluartproject.com\/en\/ci-bloom-2023\/\" title=\"CI BLOOM 2023\" rel=\"bookmark\">CI BLOOM 2023<\/a>\n\t<\/h3>\n\n\t<div class=\"entry-meta\"><span class=\"category-link\"><a href=\"https:\/\/www.bozluartproject.com\/en\/news\/\" >News<\/a><\/span><a href=\"https:\/\/www.bozluartproject.com\/en\/2023\/08\/17\/\" title=\"13:08\" class=\"data-link\" rel=\"bookmark\"><time class=\"entry-date updated\" datetime=\"2023-08-17T13:08:46+03:00\">17 August 2023<\/time><\/a><\/div>\n\t<div class=\"entry-excerpt\"><p>[vc_row][vc_column][\/vc_column][\/vc_row]<\/p>\n<\/div>\n\t\n<a href=\"https:\/\/www.bozluartproject.com\/en\/ci-bloom-2023\/\" class=\"post-details details-type-link\" aria-label=\"Read more about CI BLOOM 2023\">Details<i class=\"dt-icon-the7-arrow-03\" aria-hidden=\"true\"><\/i><\/a>\n\n<\/div><\/article><article class=\"post project-odd visible post-49145 type-post status-publish format-standard has-post-thumbnail hentry category-news category-4 description-off\" data-name=\"Ercan Ak\u0131n&#8217;s solo exhibition &#8220;Hopeless Wait&#8221; has extended until November 19th!\" data-date=\"2022-11-02T16:04:08+03:00\">\n\n<div class=\"post-thumbnail-wrap\">\n\t<div class=\"post-thumbnail\">\n\n\t\t\n\t\t<span class=\"fancy-categories\"><a href=\"https:\/\/www.bozluartproject.com\/en\/news\/\" rel=\"category tag\">News<\/a><\/span>\n\t\t<a href=\"https:\/\/www.bozluartproject.com\/en\/ercan-akins-solo-exhibition-hopeless-wait-has-extended-until-november-19th\/\" class=\"post-thumbnail-rollover layzr-bg layzr-bg\" ><img class=\"lazy-load preload-me lazy-load\" src=\"data:image\/svg+xml,%3Csvg%20xmlns%3D&#39;http%3A%2F%2Fwww.w3.org%2F2000%2Fsvg&#39;%20viewBox%3D&#39;0%200%20768%20768&#39;%2F%3E\" data-src=\"https:\/\/www.bozluartproject.com\/wp-content\/uploads\/2022\/11\/afis-2-768x768.jpg\" data-srcset=\"https:\/\/www.bozluartproject.com\/wp-content\/uploads\/2022\/11\/afis-2-768x768.jpg 768w, https:\/\/www.bozluartproject.com\/wp-content\/uploads\/2022\/11\/afis-2-1200x1200.jpg 1200w\" alt=\"\" title=\"afi\u015f\" width=\"768\" height=\"768\"  \/><\/a>\n\t<\/div>\n<\/div>\n\n\n<div class=\"post-entry-content\">\n\n\t<h3 class=\"entry-title\">\n\t\t<a href=\"https:\/\/www.bozluartproject.com\/en\/ercan-akins-solo-exhibition-hopeless-wait-has-extended-until-november-19th\/\" title=\"Ercan Ak\u0131n&#8217;s solo exhibition &#8220;Hopeless Wait&#8221; has extended until November 19th!\" rel=\"bookmark\">Ercan Ak\u0131n&#8217;s solo exhibition &#8220;Hopeless Wait&#8221; has extended until November 19th!<\/a>\n\t<\/h3>\n\n\t<div class=\"entry-meta\"><span class=\"category-link\"><a href=\"https:\/\/www.bozluartproject.com\/en\/news\/\" >News<\/a><\/span><a href=\"https:\/\/www.bozluartproject.com\/en\/2022\/11\/02\/\" title=\"16:04\" class=\"data-link\" rel=\"bookmark\"><time class=\"entry-date updated\" datetime=\"2022-11-02T16:04:08+03:00\">2 November 2022<\/time><\/a><\/div>\n\t<div class=\"entry-excerpt\"><p>[vc_row][vc_column][\/vc_column][\/vc_row]<\/p>\n<\/div>\n\t\n<a href=\"https:\/\/www.bozluartproject.com\/en\/ercan-akins-solo-exhibition-hopeless-wait-has-extended-until-november-19th\/\" class=\"post-details details-type-link\" aria-label=\"Read more about Ercan Ak\u0131n&#8217;s solo exhibition &#8220;Hopeless Wait&#8221; has extended until November 19th!\">Details<i class=\"dt-icon-the7-arrow-03\" aria-hidden=\"true\"><\/i><\/a>\n\n<\/div><\/article><article class=\"post project-odd visible post-45964 type-post status-publish format-standard has-post-thumbnail hentry category-news category-4 description-off\" data-name=\"New Publication: A Mansion In \u015ei\u015fli And Architect Giulio Mongeri\" data-date=\"2016-07-26T08:45:02+03:00\">\n\n<div class=\"post-thumbnail-wrap\">\n\t<div class=\"post-thumbnail\">\n\n\t\t\n\t\t<span class=\"fancy-categories\"><a href=\"https:\/\/www.bozluartproject.com\/en\/news\/\" rel=\"category tag\">News<\/a><\/span>\n\t\t<a href=\"https:\/\/www.bozluartproject.com\/en\/new-publication-a-mansion-in-sisli-and-architect-giulio-mongeri\/\" class=\"post-thumbnail-rollover layzr-bg layzr-bg\" ><img class=\"lazy-load preload-me lazy-load\" src=\"data:image\/svg+xml,%3Csvg%20xmlns%3D&#39;http%3A%2F%2Fwww.w3.org%2F2000%2Fsvg&#39;%20viewBox%3D&#39;0%200%20495%20495&#39;%2F%3E\" data-src=\"https:\/\/www.bozluartproject.com\/wp-content\/uploads\/2019\/02\/adsiz-495x495.jpg\" data-srcset=\"https:\/\/www.bozluartproject.com\/wp-content\/uploads\/2019\/02\/adsiz-495x495.jpg 495w\" alt=\"\" title=\"adsiz\" width=\"495\" height=\"495\"  \/><\/a>\n\t<\/div>\n<\/div>\n\n\n<div class=\"post-entry-content\">\n\n\t<h3 class=\"entry-title\">\n\t\t<a href=\"https:\/\/www.bozluartproject.com\/en\/new-publication-a-mansion-in-sisli-and-architect-giulio-mongeri\/\" title=\"New Publication: A Mansion In \u015ei\u015fli And Architect Giulio Mongeri\" rel=\"bookmark\">New Publication: A Mansion In \u015ei\u015fli And Architect Giulio Mongeri<\/a>\n\t<\/h3>\n\n\t<div class=\"entry-meta\"><span class=\"category-link\"><a href=\"https:\/\/www.bozluartproject.com\/en\/news\/\" >News<\/a><\/span><a href=\"https:\/\/www.bozluartproject.com\/en\/2016\/07\/26\/\" title=\"08:45\" class=\"data-link\" rel=\"bookmark\"><time class=\"entry-date updated\" datetime=\"2016-07-26T08:45:02+03:00\">26 July 2016<\/time><\/a><\/div>\n\t<div class=\"entry-excerpt\"><p>[vc_row][vc_column][\/vc_column][\/vc_row]<\/p>\n<\/div>\n\t\n<a href=\"https:\/\/www.bozluartproject.com\/en\/new-publication-a-mansion-in-sisli-and-architect-giulio-mongeri\/\" class=\"post-details details-type-link\" aria-label=\"Read more about New Publication: A Mansion In \u015ei\u015fli And Architect Giulio Mongeri\">Details<i class=\"dt-icon-the7-arrow-03\" aria-hidden=\"true\"><\/i><\/a>\n\n<\/div><\/article><div class=\"paginator\" role=\"navigation\"><span class=\"nav-prev disabled\"><i class=\"dt-icon-the7-arrow-0-42\" aria-hidden=\"true\"><\/i><\/span><a href=\"https:\/\/www.bozluartproject.com\/en\/wp-json\/wp\/v2\/pages\/45900\/\" class=\"page-numbers act\" data-page-num=\"1\">1<\/a><a href=\"https:\/\/www.bozluartproject.com\/en\/wp-json\/wp\/v2\/pages\/45900\/page\/2\/\" class=\"page-numbers \" data-page-num=\"2\">2<\/a><a href=\"https:\/\/www.bozluartproject.com\/en\/wp-json\/wp\/v2\/pages\/45900\/page\/2\/\" class=\"page-numbers nav-next\" data-page-num=\"2\" ><i class=\"dt-icon-the7-arrow-0-41\" aria-hidden=\"true\"><\/i><\/a><\/div><\/div>[\/vc_column][\/vc_row]<\/p>\n<\/div>","protected":false},"excerpt":{"rendered":"<p>[vc_row][vc_column][\/vc_column][\/vc_row]<\/p>\n","protected":false},"author":1,"featured_media":0,"parent":0,"menu_order":20,"comment_status":"closed","ping_status":"closed","template":"","meta":[],"acf":[],"_links":{"self":[{"href":"https:\/\/www.bozluartproject.com\/en\/wp-json\/wp\/v2\/pages\/45900"}],"collection":[{"href":"https:\/\/www.bozluartproject.com\/en\/wp-json\/wp\/v2\/pages"}],"about":[{"href":"https:\/\/www.bozluartproject.com\/en\/wp-json\/wp\/v2\/types\/page"}],"author":[{"embeddable":true,"href":"https:\/\/www.bozluartproject.com\/en\/wp-json\/wp\/v2\/users\/1"}],"replies":[{"embeddable":true,"href":"https:\/\/www.bozluartproject.com\/en\/wp-json\/wp\/v2\/comments?post=45900"}],"version-history":[{"count":4,"href":"https:\/\/www.bozluartproject.com\/en\/wp-json\/wp\/v2\/pages\/45900\/revisions"}],"predecessor-version":[{"id":48919,"href":"https:\/\/www.bozluartproject.com\/en\/wp-json\/wp\/v2\/pages\/45900\/revisions\/48919"}],"wp:attachment":[{"href":"https:\/\/www.bozluartproject.com\/en\/wp-json\/wp\/v2\/media?parent=45900"}],"curies":[{"name":"wp","href":"https:\/\/api.w.org\/{rel}","templated":true}]}}