{"id":45887,"date":"2019-02-10T02:57:06","date_gmt":"2019-02-09T23:57:06","guid":{"rendered":"https:\/\/www.bozluartproject.com\/\/bildirimler\/"},"modified":"2020-02-20T16:57:13","modified_gmt":"2020-02-20T13:57:13","slug":"notices","status":"publish","type":"page","link":"https:\/\/www.bozluartproject.com\/en\/notices\/","title":{"rendered":"Notices"},"content":{"rendered":"<div class=\"wpb-content-wrapper\"><p>[vc_row][vc_column][vc_column_text]Ki\u015fisel verilerin i\u015flenmesinde ba\u015fta \u00f6zel hayat\u0131n gizlili\u011fi olmak \u00fczere ki\u015filerin temel hak ve \u00f6zg\u00fcrl\u00fcklerini korumak ve ki\u015fisel verileri i\u015fleyen ger\u00e7ek ve t\u00fczel ki\u015filerin y\u00fck\u00fcml\u00fcl\u00fcklerini belirlemek amac\u0131yla 7 Nisan 2016 tarihli ve 29677 say\u0131l\u0131 Resmi Gazete\u2019de yay\u0131mlanan 6698 say\u0131l\u0131 Ki\u015fisel Verilen Korunmas\u0131 Kanunu (\u201cKVKK\u201d) hususunda Bozlu Grup A.\u015e. ve grup \u015firketleri olarak Veri Sorumlusu s\u0131fat\u0131yla KVK\u2019n\u0131n \u201cVeri Sorumlusunun Ayd\u0131nlatma Y\u00fck\u00fcml\u00fcl\u00fc\u011f\u00fc\u201d ba\u015fl\u0131kl\u0131 10 maddesi uyar\u0131nca sizleri bilgilendirmek isteriz.[\/vc_column_text][vc_separator style=&#8221;dashed&#8221; border_width=&#8221;2&#8243;][vc_column_text]<a href=\"https:\/\/www.bozluartproject.com\/\/wp-content\/uploads\/2019\/02\/Bozlu-Sanat-ve-Yayincilik-A.S.-Basvuru-Formu.pdf\" target=\"_blank\" rel=\"noopener\">Bozlu Sanat ve Yay\u0131nc\u0131l\u0131k A.\u015e.-Ba\u015fvuru Formu<\/a><\/p>\n<p><a href=\"https:\/\/www.bozluartproject.com\/wp-content\/uploads\/2020\/02\/bozlu-sanat-ve-yayincilik-a-s-information-text-on-personal-data-protection.pdf\">Bozlu Holding A.\u015e. ve Grup \u015eirketleri-Ayd\u0131nlatma Metni<\/a><\/p>\n<p><a href=\"https:\/\/www.bozluartproject.com\/wp-content\/uploads\/2020\/02\/bozlu-sanat-ve-yayincilik-a-s-policy-on-personal-data-protection.pdf\">Bozlu Holding A.\u015e. Ve Grup \u015eirketleri- KVKK Politikas\u0131<\/a>[\/vc_column_text][\/vc_column][\/vc_row]<\/p>\n<\/div>","protected":false},"excerpt":{"rendered":"<p>[vc_row][vc_column][vc_column_text]Ki\u015fisel verilerin i\u015flenmesinde ba\u015fta \u00f6zel hayat\u0131n gizlili\u011fi olmak \u00fczere ki\u015filerin temel hak ve \u00f6zg\u00fcrl\u00fcklerini korumak ve ki\u015fisel verileri i\u015fleyen ger\u00e7ek ve t\u00fczel ki\u015filerin y\u00fck\u00fcml\u00fcl\u00fcklerini belirlemek amac\u0131yla 7 Nisan 2016 tarihli ve 29677 say\u0131l\u0131 Resmi Gazete\u2019de yay\u0131mlanan 6698 say\u0131l\u0131 Ki\u015fisel Verilen Korunmas\u0131 Kanunu (\u201cKVKK\u201d) hususunda Bozlu Grup A.\u015e. ve grup \u015firketleri olarak Veri Sorumlusu s\u0131fat\u0131yla KVK\u2019n\u0131n&hellip;<\/p>\n","protected":false},"author":1,"featured_media":0,"parent":0,"menu_order":0,"comment_status":"closed","ping_status":"closed","template":"","meta":[],"acf":[],"_links":{"self":[{"href":"https:\/\/www.bozluartproject.com\/en\/wp-json\/wp\/v2\/pages\/45887"}],"collection":[{"href":"https:\/\/www.bozluartproject.com\/en\/wp-json\/wp\/v2\/pages"}],"about":[{"href":"https:\/\/www.bozluartproject.com\/en\/wp-json\/wp\/v2\/types\/page"}],"author":[{"embeddable":true,"href":"https:\/\/www.bozluartproject.com\/en\/wp-json\/wp\/v2\/users\/1"}],"replies":[{"embeddable":true,"href":"https:\/\/www.bozluartproject.com\/en\/wp-json\/wp\/v2\/comments?post=45887"}],"version-history":[{"count":5,"href":"https:\/\/www.bozluartproject.com\/en\/wp-json\/wp\/v2\/pages\/45887\/revisions"}],"predecessor-version":[{"id":47856,"href":"https:\/\/www.bozluartproject.com\/en\/wp-json\/wp\/v2\/pages\/45887\/revisions\/47856"}],"wp:attachment":[{"href":"https:\/\/www.bozluartproject.com\/en\/wp-json\/wp\/v2\/media?parent=45887"}],"curies":[{"name":"wp","href":"https:\/\/api.w.org\/{rel}","templated":true}]}}